{"id":1376,"date":"2023-11-14T13:43:38","date_gmt":"2023-11-14T12:43:38","guid":{"rendered":"https:\/\/masllunes.es\/vins\/vino-o-diversidad\/"},"modified":"2026-03-09T15:14:19","modified_gmt":"2026-03-09T14:14:19","slug":"ruta-de-biodiversidad","status":"publish","type":"product","link":"https:\/\/masllunes.es\/es\/vinos\/ruta-de-biodiversidad\/","title":{"rendered":"Visita de biodiversidad"},"content":{"rendered":"<p>Descubre los vi\u00f1edos ecol\u00f3gicos de Mas Llunes en una ruta a pie por el Paraje Natural de la Sierra de la Albera y conoce el proyecto de recuperaci\u00f3n de la biodiversidad y sensibilizaci\u00f3n ambiental en nuestra finca.<\/p>\n","protected":false},"excerpt":{"rendered":"<p>Descubre los vi\u00f1edos ecol\u00f3gicos de Mas Llunes en una ruta a pie por el Paraje Natural de la Sierra de la Albera y conoce el proyecto de recuperaci\u00f3n de la biodiversidad y sensibilizaci\u00f3n ambiental en nuestra finca.<\/p>\n","protected":false},"featured_media":1575,"template":"","meta":[],"product_brand":[],"product_cat":[51],"product_tag":[],"class_list":{"0":"post-1376","1":"product","2":"type-product","3":"status-publish","4":"has-post-thumbnail","6":"product_cat-visitas","8":"first","9":"instock","10":"taxable","11":"shipping-taxable","12":"purchasable","13":"product-type-simple"},"yoast_head":"<!-- This site is optimized with the Yoast SEO plugin v27.3 - https:\/\/yoast.com\/product\/yoast-seo-wordpress\/ -->\n<title>Visita de biodiversidad - Mas Llunes<\/title>\n<meta name=\"robots\" content=\"index, follow, max-snippet:-1, max-image-preview:large, max-video-preview:-1\" \/>\n<link rel=\"canonical\" href=\"https:\/\/masllunes.es\/es\/vinos\/ruta-de-biodiversidad\/\" \/>\n<meta property=\"og:locale\" content=\"es_ES\" \/>\n<meta property=\"og:type\" content=\"article\" \/>\n<meta property=\"og:title\" content=\"Visita de biodiversidad - Mas Llunes\" \/>\n<meta property=\"og:description\" content=\"Descubre los vi\u00f1edos ecol\u00f3gicos de Mas Llunes en una ruta a pie por el Paraje Natural de la Sierra de la Albera y conoce el proyecto de recuperaci\u00f3n de la biodiversidad y sensibilizaci\u00f3n ambiental en nuestra finca.\" \/>\n<meta property=\"og:url\" content=\"https:\/\/masllunes.es\/es\/vinos\/ruta-de-biodiversidad\/\" \/>\n<meta property=\"og:site_name\" content=\"Mas Llunes\" \/>\n<meta property=\"article:publisher\" content=\"https:\/\/www.facebook.com\/celler.masllunes\/?locale=ca_ES\" \/>\n<meta property=\"article:modified_time\" content=\"2026-03-09T14:14:19+00:00\" \/>\n<meta property=\"og:image\" content=\"https:\/\/masllunes.es\/wp-content\/uploads\/2023\/11\/visita-vi-o-diversitat-mas-llunes-1-scaled.jpg\" \/>\n\t<meta property=\"og:image:width\" content=\"2560\" \/>\n\t<meta property=\"og:image:height\" content=\"1707\" \/>\n\t<meta property=\"og:image:type\" content=\"image\/jpeg\" \/>\n<meta name=\"twitter:card\" content=\"summary_large_image\" \/>\n<meta name=\"twitter:site\" content=\"@cellermasllunes\" \/>\n<meta name=\"twitter:label1\" content=\"Tiempo de lectura\" \/>\n\t<meta name=\"twitter:data1\" content=\"1 minuto\" \/>\n<script type=\"application\/ld+json\" class=\"yoast-schema-graph\">{\"@context\":\"https:\\\/\\\/schema.org\",\"@graph\":[{\"@type\":\"WebPage\",\"@id\":\"https:\\\/\\\/masllunes.es\\\/es\\\/vinos\\\/ruta-de-biodiversidad\\\/\",\"url\":\"https:\\\/\\\/masllunes.es\\\/es\\\/vinos\\\/ruta-de-biodiversidad\\\/\",\"name\":\"Visita de biodiversidad - Mas Llunes\",\"isPartOf\":{\"@id\":\"https:\\\/\\\/masllunes.es\\\/es\\\/#website\"},\"primaryImageOfPage\":{\"@id\":\"https:\\\/\\\/masllunes.es\\\/es\\\/vinos\\\/ruta-de-biodiversidad\\\/#primaryimage\"},\"image\":{\"@id\":\"https:\\\/\\\/masllunes.es\\\/es\\\/vinos\\\/ruta-de-biodiversidad\\\/#primaryimage\"},\"thumbnailUrl\":\"https:\\\/\\\/masllunes.es\\\/wp-content\\\/uploads\\\/2023\\\/11\\\/visita-vi-o-diversitat-mas-llunes-1-scaled.jpg\",\"datePublished\":\"2023-11-14T12:43:38+00:00\",\"dateModified\":\"2026-03-09T14:14:19+00:00\",\"breadcrumb\":{\"@id\":\"https:\\\/\\\/masllunes.es\\\/es\\\/vinos\\\/ruta-de-biodiversidad\\\/#breadcrumb\"},\"inLanguage\":\"es\",\"potentialAction\":[{\"@type\":\"ReadAction\",\"target\":[\"https:\\\/\\\/masllunes.es\\\/es\\\/vinos\\\/ruta-de-biodiversidad\\\/\"]}]},{\"@type\":\"ImageObject\",\"inLanguage\":\"es\",\"@id\":\"https:\\\/\\\/masllunes.es\\\/es\\\/vinos\\\/ruta-de-biodiversidad\\\/#primaryimage\",\"url\":\"https:\\\/\\\/masllunes.es\\\/wp-content\\\/uploads\\\/2023\\\/11\\\/visita-vi-o-diversitat-mas-llunes-1-scaled.jpg\",\"contentUrl\":\"https:\\\/\\\/masllunes.es\\\/wp-content\\\/uploads\\\/2023\\\/11\\\/visita-vi-o-diversitat-mas-llunes-1-scaled.jpg\",\"width\":2560,\"height\":1707,\"caption\":\"Visita ruta de biodiversidad de la bodega Mas Llunes\"},{\"@type\":\"BreadcrumbList\",\"@id\":\"https:\\\/\\\/masllunes.es\\\/es\\\/vinos\\\/ruta-de-biodiversidad\\\/#breadcrumb\",\"itemListElement\":[{\"@type\":\"ListItem\",\"position\":1,\"name\":\"Home\",\"item\":\"https:\\\/\\\/masllunes.es\\\/es\\\/inicio\\\/\"},{\"@type\":\"ListItem\",\"position\":2,\"name\":\"Vinos\",\"item\":\"https:\\\/\\\/masllunes.es\\\/es\\\/vinos\\\/\"},{\"@type\":\"ListItem\",\"position\":3,\"name\":\"Visita de biodiversidad\"}]},{\"@type\":\"WebSite\",\"@id\":\"https:\\\/\\\/masllunes.es\\\/es\\\/#website\",\"url\":\"https:\\\/\\\/masllunes.es\\\/es\\\/\",\"name\":\"Mas Llunes\",\"description\":\"Vinyes i Cellers\",\"publisher\":{\"@id\":\"https:\\\/\\\/masllunes.es\\\/es\\\/#organization\"},\"potentialAction\":[{\"@type\":\"SearchAction\",\"target\":{\"@type\":\"EntryPoint\",\"urlTemplate\":\"https:\\\/\\\/masllunes.es\\\/es\\\/?s={search_term_string}\"},\"query-input\":{\"@type\":\"PropertyValueSpecification\",\"valueRequired\":true,\"valueName\":\"search_term_string\"}}],\"inLanguage\":\"es\"},{\"@type\":\"Organization\",\"@id\":\"https:\\\/\\\/masllunes.es\\\/es\\\/#organization\",\"name\":\"Mas Llunes\",\"url\":\"https:\\\/\\\/masllunes.es\\\/es\\\/\",\"logo\":{\"@type\":\"ImageObject\",\"inLanguage\":\"es\",\"@id\":\"https:\\\/\\\/masllunes.es\\\/es\\\/#\\\/schema\\\/logo\\\/image\\\/\",\"url\":\"https:\\\/\\\/masllunes.es\\\/wp-content\\\/uploads\\\/2023\\\/10\\\/logotip-mas-llunes-negre_retina.png\",\"contentUrl\":\"https:\\\/\\\/masllunes.es\\\/wp-content\\\/uploads\\\/2023\\\/10\\\/logotip-mas-llunes-negre_retina.png\",\"width\":489,\"height\":180,\"caption\":\"Mas Llunes\"},\"image\":{\"@id\":\"https:\\\/\\\/masllunes.es\\\/es\\\/#\\\/schema\\\/logo\\\/image\\\/\"},\"sameAs\":[\"https:\\\/\\\/www.facebook.com\\\/celler.masllunes\\\/?locale=ca_ES\",\"https:\\\/\\\/x.com\\\/cellermasllunes\",\"https:\\\/\\\/www.instagram.com\\\/cellermasllunes\\\/\"]}]}<\/script>\n<!-- \/ Yoast SEO plugin. -->","yoast_head_json":{"title":"Visita de biodiversidad - Mas Llunes","robots":{"index":"index","follow":"follow","max-snippet":"max-snippet:-1","max-image-preview":"max-image-preview:large","max-video-preview":"max-video-preview:-1"},"canonical":"https:\/\/masllunes.es\/es\/vinos\/ruta-de-biodiversidad\/","og_locale":"es_ES","og_type":"article","og_title":"Visita de biodiversidad - Mas Llunes","og_description":"Descubre los vi\u00f1edos ecol\u00f3gicos de Mas Llunes en una ruta a pie por el Paraje Natural de la Sierra de la Albera y conoce el proyecto de recuperaci\u00f3n de la biodiversidad y sensibilizaci\u00f3n ambiental en nuestra finca.","og_url":"https:\/\/masllunes.es\/es\/vinos\/ruta-de-biodiversidad\/","og_site_name":"Mas Llunes","article_publisher":"https:\/\/www.facebook.com\/celler.masllunes\/?locale=ca_ES","article_modified_time":"2026-03-09T14:14:19+00:00","og_image":[{"width":2560,"height":1707,"url":"https:\/\/masllunes.es\/wp-content\/uploads\/2023\/11\/visita-vi-o-diversitat-mas-llunes-1-scaled.jpg","type":"image\/jpeg"}],"twitter_card":"summary_large_image","twitter_site":"@cellermasllunes","twitter_misc":{"Tiempo de lectura":"1 minuto"},"schema":{"@context":"https:\/\/schema.org","@graph":[{"@type":"WebPage","@id":"https:\/\/masllunes.es\/es\/vinos\/ruta-de-biodiversidad\/","url":"https:\/\/masllunes.es\/es\/vinos\/ruta-de-biodiversidad\/","name":"Visita de biodiversidad - Mas Llunes","isPartOf":{"@id":"https:\/\/masllunes.es\/es\/#website"},"primaryImageOfPage":{"@id":"https:\/\/masllunes.es\/es\/vinos\/ruta-de-biodiversidad\/#primaryimage"},"image":{"@id":"https:\/\/masllunes.es\/es\/vinos\/ruta-de-biodiversidad\/#primaryimage"},"thumbnailUrl":"https:\/\/masllunes.es\/wp-content\/uploads\/2023\/11\/visita-vi-o-diversitat-mas-llunes-1-scaled.jpg","datePublished":"2023-11-14T12:43:38+00:00","dateModified":"2026-03-09T14:14:19+00:00","breadcrumb":{"@id":"https:\/\/masllunes.es\/es\/vinos\/ruta-de-biodiversidad\/#breadcrumb"},"inLanguage":"es","potentialAction":[{"@type":"ReadAction","target":["https:\/\/masllunes.es\/es\/vinos\/ruta-de-biodiversidad\/"]}]},{"@type":"ImageObject","inLanguage":"es","@id":"https:\/\/masllunes.es\/es\/vinos\/ruta-de-biodiversidad\/#primaryimage","url":"https:\/\/masllunes.es\/wp-content\/uploads\/2023\/11\/visita-vi-o-diversitat-mas-llunes-1-scaled.jpg","contentUrl":"https:\/\/masllunes.es\/wp-content\/uploads\/2023\/11\/visita-vi-o-diversitat-mas-llunes-1-scaled.jpg","width":2560,"height":1707,"caption":"Visita ruta de biodiversidad de la bodega Mas Llunes"},{"@type":"BreadcrumbList","@id":"https:\/\/masllunes.es\/es\/vinos\/ruta-de-biodiversidad\/#breadcrumb","itemListElement":[{"@type":"ListItem","position":1,"name":"Home","item":"https:\/\/masllunes.es\/es\/inicio\/"},{"@type":"ListItem","position":2,"name":"Vinos","item":"https:\/\/masllunes.es\/es\/vinos\/"},{"@type":"ListItem","position":3,"name":"Visita de biodiversidad"}]},{"@type":"WebSite","@id":"https:\/\/masllunes.es\/es\/#website","url":"https:\/\/masllunes.es\/es\/","name":"Mas Llunes","description":"Vinyes i Cellers","publisher":{"@id":"https:\/\/masllunes.es\/es\/#organization"},"potentialAction":[{"@type":"SearchAction","target":{"@type":"EntryPoint","urlTemplate":"https:\/\/masllunes.es\/es\/?s={search_term_string}"},"query-input":{"@type":"PropertyValueSpecification","valueRequired":true,"valueName":"search_term_string"}}],"inLanguage":"es"},{"@type":"Organization","@id":"https:\/\/masllunes.es\/es\/#organization","name":"Mas Llunes","url":"https:\/\/masllunes.es\/es\/","logo":{"@type":"ImageObject","inLanguage":"es","@id":"https:\/\/masllunes.es\/es\/#\/schema\/logo\/image\/","url":"https:\/\/masllunes.es\/wp-content\/uploads\/2023\/10\/logotip-mas-llunes-negre_retina.png","contentUrl":"https:\/\/masllunes.es\/wp-content\/uploads\/2023\/10\/logotip-mas-llunes-negre_retina.png","width":489,"height":180,"caption":"Mas Llunes"},"image":{"@id":"https:\/\/masllunes.es\/es\/#\/schema\/logo\/image\/"},"sameAs":["https:\/\/www.facebook.com\/celler.masllunes\/?locale=ca_ES","https:\/\/x.com\/cellermasllunes","https:\/\/www.instagram.com\/cellermasllunes\/"]}]}},"_links":{"self":[{"href":"https:\/\/masllunes.es\/es\/wp-json\/wp\/v2\/product\/1376","targetHints":{"allow":["GET"]}}],"collection":[{"href":"https:\/\/masllunes.es\/es\/wp-json\/wp\/v2\/product"}],"about":[{"href":"https:\/\/masllunes.es\/es\/wp-json\/wp\/v2\/types\/product"}],"wp:featuredmedia":[{"embeddable":true,"href":"https:\/\/masllunes.es\/es\/wp-json\/wp\/v2\/media\/1575"}],"wp:attachment":[{"href":"https:\/\/masllunes.es\/es\/wp-json\/wp\/v2\/media?parent=1376"}],"wp:term":[{"taxonomy":"product_brand","embeddable":true,"href":"https:\/\/masllunes.es\/es\/wp-json\/wp\/v2\/product_brand?post=1376"},{"taxonomy":"product_cat","embeddable":true,"href":"https:\/\/masllunes.es\/es\/wp-json\/wp\/v2\/product_cat?post=1376"},{"taxonomy":"product_tag","embeddable":true,"href":"https:\/\/masllunes.es\/es\/wp-json\/wp\/v2\/product_tag?post=1376"}],"curies":[{"name":"wp","href":"https:\/\/api.w.org\/{rel}","templated":true}]}}