{"id":1159,"date":"2023-10-10T14:05:44","date_gmt":"2023-10-10T12:05:44","guid":{"rendered":"https:\/\/masllunes.es\/contacto\/"},"modified":"2024-01-30T13:02:30","modified_gmt":"2024-01-30T12:02:30","slug":"contacto","status":"publish","type":"page","link":"https:\/\/masllunes.es\/es\/contacto\/","title":{"rendered":"Contacto"},"content":{"rendered":"\t\t<div data-elementor-type=\"wp-page\" data-elementor-id=\"1159\" class=\"elementor elementor-1159 elementor-22\" data-elementor-post-type=\"page\">\n\t\t\t\t<div class=\"elementor-element elementor-element-0e3cadb e-flex e-con-boxed e-con e-parent\" data-id=\"0e3cadb\" data-element_type=\"container\" data-e-type=\"container\">\n\t\t\t\t\t<div class=\"e-con-inner\">\n\t\t\t\t<div class=\"elementor-element elementor-element-b98699b elementor-widget elementor-widget-heading\" data-id=\"b98699b\" data-element_type=\"widget\" data-e-type=\"widget\" data-widget_type=\"heading.default\">\n\t\t\t\t<div class=\"elementor-widget-container\">\n\t\t\t\t\t<h1 class=\"elementor-heading-title elementor-size-default\"><span style=\"font-family: 'Playfair Display', serif;font-weight: 600\"><em>Cont\u00e1ctanos<\/em><\/span><\/h1>\t\t\t\t<\/div>\n\t\t\t\t<\/div>\n\t\t\t\t\t<\/div>\n\t\t\t\t<\/div>\n\t\t<div class=\"elementor-element elementor-element-b93964a e-flex e-con-boxed e-con e-parent\" data-id=\"b93964a\" data-element_type=\"container\" data-e-type=\"container\">\n\t\t\t\t\t<div class=\"e-con-inner\">\n\t\t<div class=\"elementor-element elementor-element-6c12592 e-con-full e-flex e-con e-child\" data-id=\"6c12592\" data-element_type=\"container\" data-e-type=\"container\">\n\t\t\t\t<div class=\"elementor-element elementor-element-a893628 elementor-widget elementor-widget-text-editor\" data-id=\"a893628\" data-element_type=\"widget\" data-e-type=\"widget\" data-widget_type=\"text-editor.default\">\n\t\t\t\t<div class=\"elementor-widget-container\">\n\t\t\t\t\t\t\t\t\t<p>Ponte en contacto con nosotros a trav\u00e9s del formulario o las siguientes v\u00edas de contacto y resolveremos cualquier duda o consulta relacionada con la bodega, visitas o vinos.<\/p>\n\t\t\t\t\t\t\t\t<\/div>\n\t\t\t\t<\/div>\n\t\t\t\t<div class=\"elementor-element elementor-element-9202475 elementor-widget-divider--view-line elementor-widget elementor-widget-divider\" data-id=\"9202475\" data-element_type=\"widget\" data-e-type=\"widget\" data-widget_type=\"divider.default\">\n\t\t\t\t<div class=\"elementor-widget-container\">\n\t\t\t\t\t\t\t<div class=\"elementor-divider\">\n\t\t\t<span class=\"elementor-divider-separator\">\n\t\t\t\t\t\t<\/span>\n\t\t<\/div>\n\t\t\t\t\t\t<\/div>\n\t\t\t\t<\/div>\n\t\t\t\t<div class=\"elementor-element elementor-element-a92cd7b elementor-widget elementor-widget-text-editor\" data-id=\"a92cd7b\" data-element_type=\"widget\" data-e-type=\"widget\" data-widget_type=\"text-editor.default\">\n\t\t\t\t<div class=\"elementor-widget-container\">\n\t\t\t\t\t\t\t\t\t<p><span style=\"color: #6e353c;\"><a style=\"color: #6e353c;\" href=\"mailto:info@masllunes.es\"><strong>info@masllunes.es<\/strong><\/a><\/span><br \/><span style=\"color: #6e353c;\"><a style=\"color: #6e353c;\" href=\"tel:972%20552%20684\"><strong>+34 972 552 684<\/strong><\/a><\/span><\/p>\n<p>Ctra de Vilaju\u00efga<br \/>s\/n 17780 | Garriguella<\/p>\n\t\t\t\t\t\t\t\t<\/div>\n\t\t\t\t<\/div>\n\t\t\t\t<div class=\"elementor-element elementor-element-ab76a49 e-grid-align-left elementor-shape-rounded elementor-grid-0 elementor-widget elementor-widget-social-icons\" data-id=\"ab76a49\" data-element_type=\"widget\" data-e-type=\"widget\" data-widget_type=\"social-icons.default\">\n\t\t\t\t<div class=\"elementor-widget-container\">\n\t\t\t\t\t\t\t<div class=\"elementor-social-icons-wrapper elementor-grid\" role=\"list\">\n\t\t\t\t\t\t\t<span class=\"elementor-grid-item\" role=\"listitem\">\n\t\t\t\t\t<a class=\"elementor-icon elementor-social-icon elementor-social-icon-facebook elementor-animation-grow elementor-repeater-item-6be985b\" href=\"https:\/\/www.facebook.com\/privacy\/consent\/?flow=ad_free_subscription&#038;params%5Bafs_variant%5D=first_time&#038;source=ad_free_subscription_blocking_flow\" target=\"_blank\">\n\t\t\t\t\t\t<span class=\"elementor-screen-only\">Facebook<\/span>\n\t\t\t\t\t\t<svg aria-hidden=\"true\" class=\"e-font-icon-svg e-fab-facebook\" viewBox=\"0 0 512 512\" xmlns=\"http:\/\/www.w3.org\/2000\/svg\"><path d=\"M504 256C504 119 393 8 256 8S8 119 8 256c0 123.78 90.69 226.38 209.25 245V327.69h-63V256h63v-54.64c0-62.15 37-96.48 93.67-96.48 27.14 0 55.52 4.84 55.52 4.84v61h-31.28c-30.8 0-40.41 19.12-40.41 38.73V256h68.78l-11 71.69h-57.78V501C413.31 482.38 504 379.78 504 256z\"><\/path><\/svg>\t\t\t\t\t<\/a>\n\t\t\t\t<\/span>\n\t\t\t\t\t\t\t<span class=\"elementor-grid-item\" role=\"listitem\">\n\t\t\t\t\t<a class=\"elementor-icon elementor-social-icon elementor-social-icon-twitter elementor-animation-grow elementor-repeater-item-0d41bff\" href=\"https:\/\/twitter.com\/cellermasllunes\" target=\"_blank\">\n\t\t\t\t\t\t<span class=\"elementor-screen-only\">Twitter<\/span>\n\t\t\t\t\t\t<svg aria-hidden=\"true\" class=\"e-font-icon-svg e-fab-twitter\" viewBox=\"0 0 512 512\" xmlns=\"http:\/\/www.w3.org\/2000\/svg\"><path d=\"M459.37 151.716c.325 4.548.325 9.097.325 13.645 0 138.72-105.583 298.558-298.558 298.558-59.452 0-114.68-17.219-161.137-47.106 8.447.974 16.568 1.299 25.34 1.299 49.055 0 94.213-16.568 130.274-44.832-46.132-.975-84.792-31.188-98.112-72.772 6.498.974 12.995 1.624 19.818 1.624 9.421 0 18.843-1.3 27.614-3.573-48.081-9.747-84.143-51.98-84.143-102.985v-1.299c13.969 7.797 30.214 12.67 47.431 13.319-28.264-18.843-46.781-51.005-46.781-87.391 0-19.492 5.197-37.36 14.294-52.954 51.655 63.675 129.3 105.258 216.365 109.807-1.624-7.797-2.599-15.918-2.599-24.04 0-57.828 46.782-104.934 104.934-104.934 30.213 0 57.502 12.67 76.67 33.137 23.715-4.548 46.456-13.32 66.599-25.34-7.798 24.366-24.366 44.833-46.132 57.827 21.117-2.273 41.584-8.122 60.426-16.243-14.292 20.791-32.161 39.308-52.628 54.253z\"><\/path><\/svg>\t\t\t\t\t<\/a>\n\t\t\t\t<\/span>\n\t\t\t\t\t\t\t<span class=\"elementor-grid-item\" role=\"listitem\">\n\t\t\t\t\t<a class=\"elementor-icon elementor-social-icon elementor-social-icon-instagram elementor-animation-grow elementor-repeater-item-603c5a0\" href=\"https:\/\/www.instagram.com\/cellermasllunes\/\" target=\"_blank\">\n\t\t\t\t\t\t<span class=\"elementor-screen-only\">Instagram<\/span>\n\t\t\t\t\t\t<svg aria-hidden=\"true\" class=\"e-font-icon-svg e-fab-instagram\" viewBox=\"0 0 448 512\" xmlns=\"http:\/\/www.w3.org\/2000\/svg\"><path d=\"M224.1 141c-63.6 0-114.9 51.3-114.9 114.9s51.3 114.9 114.9 114.9S339 319.5 339 255.9 287.7 141 224.1 141zm0 189.6c-41.1 0-74.7-33.5-74.7-74.7s33.5-74.7 74.7-74.7 74.7 33.5 74.7 74.7-33.6 74.7-74.7 74.7zm146.4-194.3c0 14.9-12 26.8-26.8 26.8-14.9 0-26.8-12-26.8-26.8s12-26.8 26.8-26.8 26.8 12 26.8 26.8zm76.1 27.2c-1.7-35.9-9.9-67.7-36.2-93.9-26.2-26.2-58-34.4-93.9-36.2-37-2.1-147.9-2.1-184.9 0-35.8 1.7-67.6 9.9-93.9 36.1s-34.4 58-36.2 93.9c-2.1 37-2.1 147.9 0 184.9 1.7 35.9 9.9 67.7 36.2 93.9s58 34.4 93.9 36.2c37 2.1 147.9 2.1 184.9 0 35.9-1.7 67.7-9.9 93.9-36.2 26.2-26.2 34.4-58 36.2-93.9 2.1-37 2.1-147.8 0-184.8zM398.8 388c-7.8 19.6-22.9 34.7-42.6 42.6-29.5 11.7-99.5 9-132.1 9s-102.7 2.6-132.1-9c-19.6-7.8-34.7-22.9-42.6-42.6-11.7-29.5-9-99.5-9-132.1s-2.6-102.7 9-132.1c7.8-19.6 22.9-34.7 42.6-42.6 29.5-11.7 99.5-9 132.1-9s102.7-2.6 132.1 9c19.6 7.8 34.7 22.9 42.6 42.6 11.7 29.5 9 99.5 9 132.1s2.7 102.7-9 132.1z\"><\/path><\/svg>\t\t\t\t\t<\/a>\n\t\t\t\t<\/span>\n\t\t\t\t\t<\/div>\n\t\t\t\t\t\t<\/div>\n\t\t\t\t<\/div>\n\t\t\t\t<div class=\"elementor-element elementor-element-2c614b4 elementor-widget elementor-widget-google_maps\" data-id=\"2c614b4\" data-element_type=\"widget\" data-e-type=\"widget\" data-widget_type=\"google_maps.default\">\n\t\t\t\t<div class=\"elementor-widget-container\">\n\t\t\t\t\t\t\t<div class=\"elementor-custom-embed\">\n\t\t\t<iframe class=\"lazyload\" loading=\"lazy\"\n\t\t\t\t\tsrc=\"https:\/\/maps.google.com\/maps?q=Ctra%20de%20Vilaju%C3%AFga%20s%2Fn%2017780%2C%20Garriguella&#038;t=m&#038;z=12&#038;output=embed&#038;iwloc=near\"\n\t\t\t\t\ttitle=\"Ctra de Vilaju\u00efga s\/n 17780, Garriguella\"\n\t\t\t\t\taria-label=\"Ctra de Vilaju\u00efga s\/n 17780, Garriguella\"\n\t\t\t><\/iframe>\n\t\t<\/div>\n\t\t\t\t\t\t<\/div>\n\t\t\t\t<\/div>\n\t\t\t\t<\/div>\n\t\t<div class=\"elementor-element elementor-element-d0b4780 e-con-full e-flex e-con e-child\" data-id=\"d0b4780\" data-element_type=\"container\" data-e-type=\"container\">\n\t\t\t\t<div class=\"elementor-element elementor-element-eda3bc1 elementor-button-align-stretch elementor-widget elementor-widget-form\" data-id=\"eda3bc1\" data-element_type=\"widget\" data-e-type=\"widget\" data-settings=\"{&quot;step_next_label&quot;:&quot;Siguiente&quot;,&quot;step_previous_label&quot;:&quot;Anterior&quot;,&quot;button_width&quot;:&quot;100&quot;,&quot;step_type&quot;:&quot;number_text&quot;,&quot;step_icon_shape&quot;:&quot;circle&quot;}\" data-widget_type=\"form.default\">\n\t\t\t\t<div class=\"elementor-widget-container\">\n\t\t\t\t\t\t\t<form class=\"elementor-form\" method=\"post\" name=\"Nuevo formulario\" aria-label=\"Nuevo formulario\">\n\t\t\t<input type=\"hidden\" name=\"post_id\" value=\"1159\"\/>\n\t\t\t<input type=\"hidden\" name=\"form_id\" value=\"eda3bc1\"\/>\n\t\t\t<input type=\"hidden\" name=\"referer_title\" value=\"Mas Llunes\" \/>\n\n\t\t\t\n\t\t\t<div class=\"elementor-form-fields-wrapper elementor-labels-\">\n\t\t\t\t\t\t\t\t<div class=\"elementor-field-type-text elementor-field-group elementor-column elementor-field-group-name elementor-col-50 elementor-field-required\">\n\t\t\t\t\t\t\t\t\t\t\t\t<label for=\"form-field-name\" class=\"elementor-field-label elementor-screen-only\">\n\t\t\t\t\t\t\t\t<b>Nombre<\/b>\t\t\t\t\t\t\t<\/label>\n\t\t\t\t\t\t\t\t\t\t\t\t\t\t<input size=\"1\" type=\"text\" name=\"form_fields[name]\" id=\"form-field-name\" class=\"elementor-field elementor-size-sm  elementor-field-textual\" placeholder=\"Nombre\" required=\"required\">\n\t\t\t\t\t\t\t\t\t\t\t<\/div>\n\t\t\t\t\t\t\t\t<div class=\"elementor-field-type-text elementor-field-group elementor-column elementor-field-group-field_8309a1a elementor-col-50 elementor-field-required\">\n\t\t\t\t\t\t\t\t\t\t\t\t<label for=\"form-field-field_8309a1a\" class=\"elementor-field-label elementor-screen-only\">\n\t\t\t\t\t\t\t\t<b>Apellidos<\/b>\t\t\t\t\t\t\t<\/label>\n\t\t\t\t\t\t\t\t\t\t\t\t\t\t<input size=\"1\" type=\"text\" name=\"form_fields[field_8309a1a]\" id=\"form-field-field_8309a1a\" class=\"elementor-field elementor-size-sm  elementor-field-textual\" placeholder=\"Apellidos\" required=\"required\">\n\t\t\t\t\t\t\t\t\t\t\t<\/div>\n\t\t\t\t\t\t\t\t<div class=\"elementor-field-type-email elementor-field-group elementor-column elementor-field-group-email elementor-col-50 elementor-field-required\">\n\t\t\t\t\t\t\t\t\t\t\t\t<label for=\"form-field-email\" class=\"elementor-field-label elementor-screen-only\">\n\t\t\t\t\t\t\t\t<b>Email<\/b>\t\t\t\t\t\t\t<\/label>\n\t\t\t\t\t\t\t\t\t\t\t\t\t\t<input size=\"1\" type=\"email\" name=\"form_fields[email]\" id=\"form-field-email\" class=\"elementor-field elementor-size-sm  elementor-field-textual\" placeholder=\"Email\" required=\"required\">\n\t\t\t\t\t\t\t\t\t\t\t<\/div>\n\t\t\t\t\t\t\t\t<div class=\"elementor-field-type-tel elementor-field-group elementor-column elementor-field-group-field_b642778 elementor-col-50 elementor-field-required\">\n\t\t\t\t\t\t\t\t\t\t\t\t<label for=\"form-field-field_b642778\" class=\"elementor-field-label elementor-screen-only\">\n\t\t\t\t\t\t\t\t<b>Tel\u00e9fono<\/b>\t\t\t\t\t\t\t<\/label>\n\t\t\t\t\t\t\t\t<input size=\"1\" type=\"tel\" name=\"form_fields[field_b642778]\" id=\"form-field-field_b642778\" class=\"elementor-field elementor-size-sm  elementor-field-textual\" placeholder=\"Tel\u00e9fono\" required=\"required\" pattern=\"[0-9()#&amp;+*-=.]+\" title=\"Solo se aceptan n\u00fameros y caracteres de tel\u00e9fono (#,-,*,etc).\">\n\n\t\t\t\t\t\t<\/div>\n\t\t\t\t\t\t\t\t<div class=\"elementor-field-type-select elementor-field-group elementor-column elementor-field-group-field_c28a6c9 elementor-col-100 elementor-field-required\">\n\t\t\t\t\t\t\t\t\t\t\t\t<label for=\"form-field-field_c28a6c9\" class=\"elementor-field-label elementor-screen-only\">\n\t\t\t\t\t\t\t\t<b>Quiero informaci\u00f3n<\/b>\t\t\t\t\t\t\t<\/label>\n\t\t\t\t\t\t\t\t<div class=\"elementor-field elementor-select-wrapper remove-before \">\n\t\t\t<div class=\"select-caret-down-wrapper\">\n\t\t\t\t<svg aria-hidden=\"true\" class=\"e-font-icon-svg e-eicon-caret-down\" viewBox=\"0 0 571.4 571.4\" xmlns=\"http:\/\/www.w3.org\/2000\/svg\"><path d=\"M571 393Q571 407 561 418L311 668Q300 679 286 679T261 668L11 418Q0 407 0 393T11 368 36 357H536Q550 357 561 368T571 393Z\"><\/path><\/svg>\t\t\t<\/div>\n\t\t\t<select name=\"form_fields[field_c28a6c9]\" id=\"form-field-field_c28a6c9\" class=\"elementor-field-textual elementor-size-sm\" required=\"required\">\n\t\t\t\t\t\t\t\t\t<option value=\"Quiero informaci\u00f3n\">Quiero informaci\u00f3n<\/option>\n\t\t\t\t\t\t\t\t\t<option value=\"Quiero saber m\u00e1s de las visitas\">Quiero saber m\u00e1s de las visitas<\/option>\n\t\t\t\t\t\t\t\t\t<option value=\"Quiero informaci\u00f3n de los vinos\">Quiero informaci\u00f3n de los vinos<\/option>\n\t\t\t\t\t\t\t<\/select>\n\t\t<\/div>\n\t\t\t\t\t\t<\/div>\n\t\t\t\t\t\t\t\t<div class=\"elementor-field-type-textarea elementor-field-group elementor-column elementor-field-group-message elementor-col-100 elementor-field-required\">\n\t\t\t\t\t\t\t\t\t\t\t\t<label for=\"form-field-message\" class=\"elementor-field-label elementor-screen-only\">\n\t\t\t\t\t\t\t\t<b>Mensaje<\/b>\t\t\t\t\t\t\t<\/label>\n\t\t\t\t\t\t<textarea class=\"elementor-field-textual elementor-field  elementor-size-sm\" name=\"form_fields[message]\" id=\"form-field-message\" rows=\"4\" placeholder=\"Cu\u00e9ntanos tu consulta\" required=\"required\"><\/textarea>\t\t\t\t<\/div>\n\t\t\t\t\t\t\t\t<div class=\"elementor-field-type-checkbox elementor-field-group elementor-column elementor-field-group-field_15e9ade elementor-col-100\">\n\t\t\t\t\t\t\t\t\t\t\t\t<label for=\"form-field-field_15e9ade\" class=\"elementor-field-label elementor-screen-only\">\n\t\t\t\t\t\t\t\t<b>Pol\u00edtica de privacidad<\/b>\t\t\t\t\t\t\t<\/label>\n\t\t\t\t\t\t<div class=\"elementor-field-subgroup  \"><span class=\"elementor-field-option\"><input type=\"checkbox\" value=\"He le\u00eddo y acepto la &lt;a href=&quot;\/politica-de-privacitat&quot;&gt;pol\u00edtica de privacidad&lt;\/a&gt; de Mas Llunes\" id=\"form-field-field_15e9ade-0\" name=\"form_fields[field_15e9ade]\"> <label for=\"form-field-field_15e9ade-0\">He le\u00eddo y acepto la <a href=\"\/politica-de-privacitat\">pol\u00edtica de privacidad<\/a> de Mas Llunes<\/label><\/span><\/div>\t\t\t\t<\/div>\n\t\t\t\t\t\t\t\t<div class=\"elementor-field-type-text\">\n\t\t\t\t\t<input size=\"1\" type=\"text\" name=\"form_fields[field_90e3992]\" id=\"form-field-field_90e3992\" class=\"elementor-field elementor-size-sm \" style=\"display:none !important;\">\t\t\t\t<\/div>\n\t\t\t\t\t\t\t\t<div class=\"elementor-field-type-recaptcha_v3 elementor-field-group elementor-column elementor-field-group-field_de382bf elementor-col-100 recaptcha_v3-bottomright\">\n\t\t\t\t\t<div class=\"elementor-field\" id=\"form-field-field_de382bf\"><div class=\"elementor-g-recaptcha\" data-sitekey=\"6LdX31spAAAAADYZG4LM6oRSrtkYKTjVHUkKKOfQ\" data-type=\"v3\" data-action=\"Form\" data-badge=\"bottomright\" data-size=\"invisible\"><\/div><\/div>\t\t\t\t<\/div>\n\t\t\t\t\t\t\t\t<div class=\"elementor-field-group elementor-column elementor-field-type-submit elementor-col-100 e-form__buttons\">\n\t\t\t\t\t<button class=\"elementor-button elementor-size-sm\" type=\"submit\">\n\t\t\t\t\t\t<span class=\"elementor-button-content-wrapper\">\n\t\t\t\t\t\t\t\t\t\t\t\t\t\t\t\t\t\t\t\t\t\t<span class=\"elementor-button-text\">Enviar<\/span>\n\t\t\t\t\t\t\t\t\t\t\t\t\t<\/span>\n\t\t\t\t\t<\/button>\n\t\t\t\t<\/div>\n\t\t\t<\/div>\n\t\t<\/form>\n\t\t\t\t\t\t<\/div>\n\t\t\t\t<\/div>\n\t\t\t\t<div class=\"elementor-element elementor-element-8f94422 elementor-widget elementor-widget-text-editor\" data-id=\"8f94422\" data-element_type=\"widget\" data-e-type=\"widget\" data-widget_type=\"text-editor.default\">\n\t\t\t\t<div class=\"elementor-widget-container\">\n\t\t\t\t\t\t\t\t\t<p>La comunicaci\u00f3n enviada quedar\u00e1 incorporada a un fichero del que es responsable Mas Llunes. Esta comunicaci\u00f3n se utilizar\u00e1 exclusivamente para tratar sus datos para atender su solicitud, siempre de acuerdo con el Reglamento (UE) 2016\/679 (RGPD), la Ley org\u00e1nica 15\/1999 (LOPD) y el Real decreto 1720 \/2007 de desarrollo de la LOPD, sobre protecci\u00f3n de datos. Sus datos no se comunicar\u00e1n a terceros, excepto por obligaci\u00f3n legal, y se mantendr\u00e1n mientras no solicite su cancelaci\u00f3n. En cualquier momento puede ejercer los derechos de acceso, rectificaci\u00f3n, portabilidad y oposici\u00f3n, o en su caso, a la limitaci\u00f3n o cancelaci\u00f3n del tratamiento, comunic\u00e1ndolo por escrito, indicando sus datos personales por correo electr\u00f3nico a <a href=\"mailto:info@masllunes.es\">info@masllunes. se<\/a><\/p>\n\t\t\t\t\t\t\t\t<\/div>\n\t\t\t\t<\/div>\n\t\t\t\t<\/div>\n\t\t\t\t\t<\/div>\n\t\t\t\t<\/div>\n\t\t\t\t<\/div>\n\t\t","protected":false},"excerpt":{"rendered":"<p>Cont\u00e1ctanos Ponte en contacto con nosotros a trav\u00e9s del formulario o las siguientes v\u00edas de contacto y resolveremos cualquier duda o consulta relacionada con la bodega, visitas o vinos. info@masllunes.es+34 972 552 684 Ctra de Vilaju\u00efgas\/n 17780 | Garriguella Facebook Twitter Instagram La comunicaci\u00f3n enviada quedar\u00e1 incorporada a un fichero del que es responsable Mas [&hellip;]<\/p>\n","protected":false},"author":2,"featured_media":0,"parent":0,"menu_order":0,"comment_status":"closed","ping_status":"closed","template":"","meta":{"footnotes":""},"class_list":["post-1159","page","type-page","status-publish","hentry"],"yoast_head":"<!-- This site is optimized with the Yoast SEO plugin v27.4 - https:\/\/yoast.com\/product\/yoast-seo-wordpress\/ -->\n<title>Contacto - Mas Llunes<\/title>\n<meta name=\"robots\" content=\"index, follow, max-snippet:-1, max-image-preview:large, max-video-preview:-1\" \/>\n<link rel=\"canonical\" href=\"https:\/\/masllunes.es\/es\/contacto\/\" \/>\n<meta property=\"og:locale\" content=\"es_ES\" \/>\n<meta property=\"og:type\" content=\"article\" \/>\n<meta property=\"og:title\" content=\"Contacto - Mas Llunes\" \/>\n<meta property=\"og:description\" content=\"Cont\u00e1ctanos Ponte en contacto con nosotros a trav\u00e9s del formulario o las siguientes v\u00edas de contacto y resolveremos cualquier duda o consulta relacionada con la bodega, visitas o vinos. info@masllunes.es+34 972 552 684 Ctra de Vilaju\u00efgas\/n 17780 | Garriguella Facebook Twitter Instagram La comunicaci\u00f3n enviada quedar\u00e1 incorporada a un fichero del que es responsable Mas [&hellip;]\" \/>\n<meta property=\"og:url\" content=\"https:\/\/masllunes.es\/es\/contacto\/\" \/>\n<meta property=\"og:site_name\" content=\"Mas Llunes\" \/>\n<meta property=\"article:publisher\" content=\"https:\/\/www.facebook.com\/celler.masllunes\/?locale=ca_ES\" \/>\n<meta property=\"article:modified_time\" content=\"2024-01-30T12:02:30+00:00\" \/>\n<meta name=\"twitter:card\" content=\"summary_large_image\" \/>\n<meta name=\"twitter:site\" content=\"@cellermasllunes\" \/>\n<meta name=\"twitter:label1\" content=\"Tiempo de lectura\" \/>\n\t<meta name=\"twitter:data1\" content=\"1 minuto\" \/>\n<script type=\"application\/ld+json\" class=\"yoast-schema-graph\">{\"@context\":\"https:\\\/\\\/schema.org\",\"@graph\":[{\"@type\":\"WebPage\",\"@id\":\"https:\\\/\\\/masllunes.es\\\/es\\\/contacto\\\/\",\"url\":\"https:\\\/\\\/masllunes.es\\\/es\\\/contacto\\\/\",\"name\":\"Contacto - Mas Llunes\",\"isPartOf\":{\"@id\":\"https:\\\/\\\/masllunes.es\\\/es\\\/#website\"},\"datePublished\":\"2023-10-10T12:05:44+00:00\",\"dateModified\":\"2024-01-30T12:02:30+00:00\",\"breadcrumb\":{\"@id\":\"https:\\\/\\\/masllunes.es\\\/es\\\/contacto\\\/#breadcrumb\"},\"inLanguage\":\"es\",\"potentialAction\":[{\"@type\":\"ReadAction\",\"target\":[\"https:\\\/\\\/masllunes.es\\\/es\\\/contacto\\\/\"]}]},{\"@type\":\"BreadcrumbList\",\"@id\":\"https:\\\/\\\/masllunes.es\\\/es\\\/contacto\\\/#breadcrumb\",\"itemListElement\":[{\"@type\":\"ListItem\",\"position\":1,\"name\":\"Home\",\"item\":\"https:\\\/\\\/masllunes.es\\\/es\\\/inicio\\\/\"},{\"@type\":\"ListItem\",\"position\":2,\"name\":\"Contacto\"}]},{\"@type\":\"WebSite\",\"@id\":\"https:\\\/\\\/masllunes.es\\\/es\\\/#website\",\"url\":\"https:\\\/\\\/masllunes.es\\\/es\\\/\",\"name\":\"Mas Llunes\",\"description\":\"Vinyes i Cellers\",\"publisher\":{\"@id\":\"https:\\\/\\\/masllunes.es\\\/es\\\/#organization\"},\"potentialAction\":[{\"@type\":\"SearchAction\",\"target\":{\"@type\":\"EntryPoint\",\"urlTemplate\":\"https:\\\/\\\/masllunes.es\\\/es\\\/?s={search_term_string}\"},\"query-input\":{\"@type\":\"PropertyValueSpecification\",\"valueRequired\":true,\"valueName\":\"search_term_string\"}}],\"inLanguage\":\"es\"},{\"@type\":\"Organization\",\"@id\":\"https:\\\/\\\/masllunes.es\\\/es\\\/#organization\",\"name\":\"Mas Llunes\",\"url\":\"https:\\\/\\\/masllunes.es\\\/es\\\/\",\"logo\":{\"@type\":\"ImageObject\",\"inLanguage\":\"es\",\"@id\":\"https:\\\/\\\/masllunes.es\\\/es\\\/#\\\/schema\\\/logo\\\/image\\\/\",\"url\":\"https:\\\/\\\/masllunes.es\\\/wp-content\\\/uploads\\\/2023\\\/10\\\/logotip-mas-llunes-negre_retina.png\",\"contentUrl\":\"https:\\\/\\\/masllunes.es\\\/wp-content\\\/uploads\\\/2023\\\/10\\\/logotip-mas-llunes-negre_retina.png\",\"width\":489,\"height\":180,\"caption\":\"Mas Llunes\"},\"image\":{\"@id\":\"https:\\\/\\\/masllunes.es\\\/es\\\/#\\\/schema\\\/logo\\\/image\\\/\"},\"sameAs\":[\"https:\\\/\\\/www.facebook.com\\\/celler.masllunes\\\/?locale=ca_ES\",\"https:\\\/\\\/x.com\\\/cellermasllunes\",\"https:\\\/\\\/www.instagram.com\\\/cellermasllunes\\\/\"]}]}<\/script>\n<!-- \/ Yoast SEO plugin. -->","yoast_head_json":{"title":"Contacto - Mas Llunes","robots":{"index":"index","follow":"follow","max-snippet":"max-snippet:-1","max-image-preview":"max-image-preview:large","max-video-preview":"max-video-preview:-1"},"canonical":"https:\/\/masllunes.es\/es\/contacto\/","og_locale":"es_ES","og_type":"article","og_title":"Contacto - Mas Llunes","og_description":"Cont\u00e1ctanos Ponte en contacto con nosotros a trav\u00e9s del formulario o las siguientes v\u00edas de contacto y resolveremos cualquier duda o consulta relacionada con la bodega, visitas o vinos. info@masllunes.es+34 972 552 684 Ctra de Vilaju\u00efgas\/n 17780 | Garriguella Facebook Twitter Instagram La comunicaci\u00f3n enviada quedar\u00e1 incorporada a un fichero del que es responsable Mas [&hellip;]","og_url":"https:\/\/masllunes.es\/es\/contacto\/","og_site_name":"Mas Llunes","article_publisher":"https:\/\/www.facebook.com\/celler.masllunes\/?locale=ca_ES","article_modified_time":"2024-01-30T12:02:30+00:00","twitter_card":"summary_large_image","twitter_site":"@cellermasllunes","twitter_misc":{"Tiempo de lectura":"1 minuto"},"schema":{"@context":"https:\/\/schema.org","@graph":[{"@type":"WebPage","@id":"https:\/\/masllunes.es\/es\/contacto\/","url":"https:\/\/masllunes.es\/es\/contacto\/","name":"Contacto - Mas Llunes","isPartOf":{"@id":"https:\/\/masllunes.es\/es\/#website"},"datePublished":"2023-10-10T12:05:44+00:00","dateModified":"2024-01-30T12:02:30+00:00","breadcrumb":{"@id":"https:\/\/masllunes.es\/es\/contacto\/#breadcrumb"},"inLanguage":"es","potentialAction":[{"@type":"ReadAction","target":["https:\/\/masllunes.es\/es\/contacto\/"]}]},{"@type":"BreadcrumbList","@id":"https:\/\/masllunes.es\/es\/contacto\/#breadcrumb","itemListElement":[{"@type":"ListItem","position":1,"name":"Home","item":"https:\/\/masllunes.es\/es\/inicio\/"},{"@type":"ListItem","position":2,"name":"Contacto"}]},{"@type":"WebSite","@id":"https:\/\/masllunes.es\/es\/#website","url":"https:\/\/masllunes.es\/es\/","name":"Mas Llunes","description":"Vinyes i Cellers","publisher":{"@id":"https:\/\/masllunes.es\/es\/#organization"},"potentialAction":[{"@type":"SearchAction","target":{"@type":"EntryPoint","urlTemplate":"https:\/\/masllunes.es\/es\/?s={search_term_string}"},"query-input":{"@type":"PropertyValueSpecification","valueRequired":true,"valueName":"search_term_string"}}],"inLanguage":"es"},{"@type":"Organization","@id":"https:\/\/masllunes.es\/es\/#organization","name":"Mas Llunes","url":"https:\/\/masllunes.es\/es\/","logo":{"@type":"ImageObject","inLanguage":"es","@id":"https:\/\/masllunes.es\/es\/#\/schema\/logo\/image\/","url":"https:\/\/masllunes.es\/wp-content\/uploads\/2023\/10\/logotip-mas-llunes-negre_retina.png","contentUrl":"https:\/\/masllunes.es\/wp-content\/uploads\/2023\/10\/logotip-mas-llunes-negre_retina.png","width":489,"height":180,"caption":"Mas Llunes"},"image":{"@id":"https:\/\/masllunes.es\/es\/#\/schema\/logo\/image\/"},"sameAs":["https:\/\/www.facebook.com\/celler.masllunes\/?locale=ca_ES","https:\/\/x.com\/cellermasllunes","https:\/\/www.instagram.com\/cellermasllunes\/"]}]}},"_links":{"self":[{"href":"https:\/\/masllunes.es\/es\/wp-json\/wp\/v2\/pages\/1159","targetHints":{"allow":["GET"]}}],"collection":[{"href":"https:\/\/masllunes.es\/es\/wp-json\/wp\/v2\/pages"}],"about":[{"href":"https:\/\/masllunes.es\/es\/wp-json\/wp\/v2\/types\/page"}],"author":[{"embeddable":true,"href":"https:\/\/masllunes.es\/es\/wp-json\/wp\/v2\/users\/2"}],"replies":[{"embeddable":true,"href":"https:\/\/masllunes.es\/es\/wp-json\/wp\/v2\/comments?post=1159"}],"version-history":[{"count":4,"href":"https:\/\/masllunes.es\/es\/wp-json\/wp\/v2\/pages\/1159\/revisions"}],"predecessor-version":[{"id":1747,"href":"https:\/\/masllunes.es\/es\/wp-json\/wp\/v2\/pages\/1159\/revisions\/1747"}],"wp:attachment":[{"href":"https:\/\/masllunes.es\/es\/wp-json\/wp\/v2\/media?parent=1159"}],"curies":[{"name":"wp","href":"https:\/\/api.w.org\/{rel}","templated":true}]}}